{"id":1387197,"date":"2024-07-16T17:17:13","date_gmt":"2024-07-16T17:17:13","guid":{"rendered":"https:\/\/loja.funerariaferreira.pt\/?post_type=product&#038;p=1387197"},"modified":"2024-07-16T17:17:13","modified_gmt":"2024-07-16T17:17:13","slug":"mini-urna-para-cinzas","status":"publish","type":"product","link":"https:\/\/loja.funerariaferreira.pt\/fr\/produto\/mini-urna-para-cinzas\/","title":{"rendered":"Mini Urna Para Cinzas"},"content":{"rendered":"","protected":false},"excerpt":{"rendered":"<p>Material: A\u00e7o Inoxid\u00e1vel<\/p>\n<p>Dimens\u00f5es: 4.5 cm de largura; 4cm de altura<\/p>\n","protected":false},"featured_media":1387198,"template":"","meta":[],"product_cat":[359],"product_tag":[],"yoast_head":"<!-- This site is optimized with the Yoast SEO plugin v18.0 - https:\/\/yoast.com\/wordpress\/plugins\/seo\/ -->\n<title>Mini Urna Para Cinzas - Funer\u00e1ria Ferreira<\/title>\n<meta name=\"robots\" content=\"index, follow, max-snippet:-1, max-image-preview:large, max-video-preview:-1\" \/>\n<link rel=\"canonical\" href=\"https:\/\/loja.funerariaferreira.pt\/produto\/mini-urna-para-cinzas\/\" \/>\n<meta property=\"og:locale\" content=\"fr_FR\" \/>\n<meta property=\"og:type\" content=\"article\" \/>\n<meta property=\"og:title\" content=\"Mini Urna Para Cinzas - Funer\u00e1ria Ferreira\" \/>\n<meta property=\"og:description\" content=\"Material: A\u00e7o Inoxid\u00e1vel  Dimens\u00f5es: 4.5 cm de largura; 4cm de altura\" \/>\n<meta property=\"og:url\" content=\"https:\/\/loja.funerariaferreira.pt\/produto\/mini-urna-para-cinzas\/\" \/>\n<meta property=\"og:site_name\" content=\"Funer\u00e1ria Ferreira\" \/>\n<meta name=\"twitter:card\" content=\"summary_large_image\" \/>\n<meta name=\"twitter:image\" content=\"https:\/\/loja.funerariaferreira.pt\/wp-content\/uploads\/2024\/07\/MINI-URNA-PARA-CENIZAS-i3215.webp\" \/>\n<script type=\"application\/ld+json\" class=\"yoast-schema-graph\">{\"@context\":\"https:\/\/schema.org\",\"@graph\":[{\"@type\":\"WebSite\",\"@id\":\"https:\/\/loja.funerariaferreira.pt\/#website\",\"url\":\"https:\/\/loja.funerariaferreira.pt\/\",\"name\":\"Funer\u00e1ria Ferreira\",\"description\":\"\",\"potentialAction\":[{\"@type\":\"SearchAction\",\"target\":{\"@type\":\"EntryPoint\",\"urlTemplate\":\"https:\/\/loja.funerariaferreira.pt\/?s={search_term_string}\"},\"query-input\":\"required name=search_term_string\"}],\"inLanguage\":\"fr-FR\"},{\"@type\":\"ImageObject\",\"@id\":\"https:\/\/loja.funerariaferreira.pt\/produto\/mini-urna-para-cinzas\/#primaryimage\",\"inLanguage\":\"fr-FR\",\"url\":\"https:\/\/loja.funerariaferreira.pt\/wp-content\/uploads\/2024\/07\/MINI-URNA-PARA-CENIZAS-i3215.webp\",\"contentUrl\":\"https:\/\/loja.funerariaferreira.pt\/wp-content\/uploads\/2024\/07\/MINI-URNA-PARA-CENIZAS-i3215.webp\",\"width\":1000,\"height\":1000},{\"@type\":\"WebPage\",\"@id\":\"https:\/\/loja.funerariaferreira.pt\/produto\/mini-urna-para-cinzas\/#webpage\",\"url\":\"https:\/\/loja.funerariaferreira.pt\/produto\/mini-urna-para-cinzas\/\",\"name\":\"Mini Urna Para Cinzas - Funer\u00e1ria Ferreira\",\"isPartOf\":{\"@id\":\"https:\/\/loja.funerariaferreira.pt\/#website\"},\"primaryImageOfPage\":{\"@id\":\"https:\/\/loja.funerariaferreira.pt\/produto\/mini-urna-para-cinzas\/#primaryimage\"},\"datePublished\":\"2024-07-16T17:17:13+00:00\",\"dateModified\":\"2024-07-16T17:17:13+00:00\",\"breadcrumb\":{\"@id\":\"https:\/\/loja.funerariaferreira.pt\/produto\/mini-urna-para-cinzas\/#breadcrumb\"},\"inLanguage\":\"fr-FR\",\"potentialAction\":[{\"@type\":\"ReadAction\",\"target\":[\"https:\/\/loja.funerariaferreira.pt\/produto\/mini-urna-para-cinzas\/\"]}]},{\"@type\":\"BreadcrumbList\",\"@id\":\"https:\/\/loja.funerariaferreira.pt\/produto\/mini-urna-para-cinzas\/#breadcrumb\",\"itemListElement\":[{\"@type\":\"ListItem\",\"position\":1,\"name\":\"In\u00edcio\",\"item\":\"https:\/\/loja.funerariaferreira.pt\/fr\/\"},{\"@type\":\"ListItem\",\"position\":2,\"name\":\"Boutique\",\"item\":\"https:\/\/loja.funerariaferreira.pt\/fr\/boutique\/\"},{\"@type\":\"ListItem\",\"position\":3,\"name\":\"Mini Urna Para Cinzas\"}]}]}<\/script>\n<!-- \/ Yoast SEO plugin. -->","yoast_head_json":{"title":"Mini Urna Para Cinzas - Funer\u00e1ria Ferreira","robots":{"index":"index","follow":"follow","max-snippet":"max-snippet:-1","max-image-preview":"max-image-preview:large","max-video-preview":"max-video-preview:-1"},"canonical":"https:\/\/loja.funerariaferreira.pt\/produto\/mini-urna-para-cinzas\/","og_locale":"fr_FR","og_type":"article","og_title":"Mini Urna Para Cinzas - Funer\u00e1ria Ferreira","og_description":"Material: A\u00e7o Inoxid\u00e1vel  Dimens\u00f5es: 4.5 cm de largura; 4cm de altura","og_url":"https:\/\/loja.funerariaferreira.pt\/produto\/mini-urna-para-cinzas\/","og_site_name":"Funer\u00e1ria Ferreira","twitter_card":"summary_large_image","twitter_image":"https:\/\/loja.funerariaferreira.pt\/wp-content\/uploads\/2024\/07\/MINI-URNA-PARA-CENIZAS-i3215.webp","schema":{"@context":"https:\/\/schema.org","@graph":[{"@type":"WebSite","@id":"https:\/\/loja.funerariaferreira.pt\/#website","url":"https:\/\/loja.funerariaferreira.pt\/","name":"Funer\u00e1ria Ferreira","description":"","potentialAction":[{"@type":"SearchAction","target":{"@type":"EntryPoint","urlTemplate":"https:\/\/loja.funerariaferreira.pt\/?s={search_term_string}"},"query-input":"required name=search_term_string"}],"inLanguage":"fr-FR"},{"@type":"ImageObject","@id":"https:\/\/loja.funerariaferreira.pt\/produto\/mini-urna-para-cinzas\/#primaryimage","inLanguage":"fr-FR","url":"https:\/\/loja.funerariaferreira.pt\/wp-content\/uploads\/2024\/07\/MINI-URNA-PARA-CENIZAS-i3215.webp","contentUrl":"https:\/\/loja.funerariaferreira.pt\/wp-content\/uploads\/2024\/07\/MINI-URNA-PARA-CENIZAS-i3215.webp","width":1000,"height":1000},{"@type":"WebPage","@id":"https:\/\/loja.funerariaferreira.pt\/produto\/mini-urna-para-cinzas\/#webpage","url":"https:\/\/loja.funerariaferreira.pt\/produto\/mini-urna-para-cinzas\/","name":"Mini Urna Para Cinzas - Funer\u00e1ria Ferreira","isPartOf":{"@id":"https:\/\/loja.funerariaferreira.pt\/#website"},"primaryImageOfPage":{"@id":"https:\/\/loja.funerariaferreira.pt\/produto\/mini-urna-para-cinzas\/#primaryimage"},"datePublished":"2024-07-16T17:17:13+00:00","dateModified":"2024-07-16T17:17:13+00:00","breadcrumb":{"@id":"https:\/\/loja.funerariaferreira.pt\/produto\/mini-urna-para-cinzas\/#breadcrumb"},"inLanguage":"fr-FR","potentialAction":[{"@type":"ReadAction","target":["https:\/\/loja.funerariaferreira.pt\/produto\/mini-urna-para-cinzas\/"]}]},{"@type":"BreadcrumbList","@id":"https:\/\/loja.funerariaferreira.pt\/produto\/mini-urna-para-cinzas\/#breadcrumb","itemListElement":[{"@type":"ListItem","position":1,"name":"In\u00edcio","item":"https:\/\/loja.funerariaferreira.pt\/fr\/"},{"@type":"ListItem","position":2,"name":"Boutique","item":"https:\/\/loja.funerariaferreira.pt\/fr\/boutique\/"},{"@type":"ListItem","position":3,"name":"Mini Urna Para Cinzas"}]}]}},"_links":{"self":[{"href":"https:\/\/loja.funerariaferreira.pt\/fr\/wp-json\/wp\/v2\/product\/1387197"}],"collection":[{"href":"https:\/\/loja.funerariaferreira.pt\/fr\/wp-json\/wp\/v2\/product"}],"about":[{"href":"https:\/\/loja.funerariaferreira.pt\/fr\/wp-json\/wp\/v2\/types\/product"}],"wp:featuredmedia":[{"embeddable":true,"href":"https:\/\/loja.funerariaferreira.pt\/fr\/wp-json\/wp\/v2\/media\/1387198"}],"wp:attachment":[{"href":"https:\/\/loja.funerariaferreira.pt\/fr\/wp-json\/wp\/v2\/media?parent=1387197"}],"wp:term":[{"taxonomy":"product_cat","embeddable":true,"href":"https:\/\/loja.funerariaferreira.pt\/fr\/wp-json\/wp\/v2\/product_cat?post=1387197"},{"taxonomy":"product_tag","embeddable":true,"href":"https:\/\/loja.funerariaferreira.pt\/fr\/wp-json\/wp\/v2\/product_tag?post=1387197"}],"curies":[{"name":"wp","href":"https:\/\/api.w.org\/{rel}","templated":true}]}}