{"id":21985,"date":"2020-04-30T10:53:51","date_gmt":"2020-04-30T10:53:51","guid":{"rendered":"https:\/\/loja.funerariaferreira.pt\/contacts\/"},"modified":"2022-12-20T12:19:04","modified_gmt":"2022-12-20T12:19:04","slug":"contacts","status":"publish","type":"page","link":"https:\/\/loja.funerariaferreira.pt\/fr\/contacts\/","title":{"rendered":"Contacts"},"content":{"rendered":"\t\t<div data-elementor-type=\"wp-page\" data-elementor-id=\"21985\" class=\"elementor elementor-21985 elementor-1449\" data-elementor-settings=\"[]\">\n\t\t\t\t\t\t<div class=\"elementor-inner\">\n\t\t\t\t\t\t\t<div class=\"elementor-section-wrap\">\n\t\t\t\t\t\t\t<section class=\"elementor-section elementor-top-section elementor-element elementor-element-32405e41 scheme_default elementor-section-boxed elementor-section-height-default elementor-section-height-default sc_fly_static\" data-id=\"32405e41\" data-element_type=\"section\" data-settings=\"{&quot;background_background&quot;:&quot;classic&quot;}\">\n\t\t\t\t\t\t<div class=\"elementor-container elementor-column-gap-extended\">\n\t\t\t\t\t\t\t<div class=\"elementor-row\">\n\t\t\t\t\t<div class=\"elementor-column elementor-col-100 elementor-top-column elementor-element elementor-element-7d623bf sc_inner_width_none sc_content_align_inherit sc_layouts_column_icons_position_left sc_fly_static\" data-id=\"7d623bf\" data-element_type=\"column\">\n\t\t\t<div class=\"elementor-column-wrap elementor-element-populated\">\n\t\t\t\t\t\t\t<div class=\"elementor-widget-wrap\">\n\t\t\t\t\t\t<div class=\"elementor-element elementor-element-62202eeb sc_height_huge sc_fly_static elementor-widget elementor-widget-spacer\" data-id=\"62202eeb\" data-element_type=\"widget\" data-widget_type=\"spacer.default\">\n\t\t\t\t<div class=\"elementor-widget-container\">\n\t\t\t\t\t<div class=\"elementor-spacer\">\n\t\t\t<div class=\"elementor-spacer-inner\"><\/div>\n\t\t<\/div>\n\t\t\t\t<\/div>\n\t\t\t\t<\/div>\n\t\t\t\t<section class=\"elementor-section elementor-inner-section elementor-element elementor-element-6968d409 elementor-section-boxed elementor-section-height-default elementor-section-height-default sc_fly_static\" data-id=\"6968d409\" data-element_type=\"section\">\n\t\t\t\t\t\t<div class=\"elementor-container elementor-column-gap-no\">\n\t\t\t\t\t\t\t<div class=\"elementor-row\">\n\t\t\t\t\t<div class=\"elementor-column elementor-col-100 elementor-inner-column elementor-element elementor-element-69089304 sc_inner_width_none sc_content_align_inherit sc_layouts_column_icons_position_left sc_fly_static\" data-id=\"69089304\" data-element_type=\"column\">\n\t\t\t<div class=\"elementor-column-wrap elementor-element-populated\">\n\t\t\t\t\t\t\t<div class=\"elementor-widget-wrap\">\n\t\t\t\t\t\t<div class=\"elementor-element elementor-element-746f2f1a sc_fly_static elementor-widget elementor-widget-trx_sc_icons\" data-id=\"746f2f1a\" data-element_type=\"widget\" data-widget_type=\"trx_sc_icons.default\">\n\t\t\t\t<div class=\"elementor-widget-container\">\n\t\t\t<div \tclass=\"sc_icons sc_icons_plain sc_icons_size_small sc_align_center\" ><div class=\"sc_icons_columns_wrap sc_item_columns trx_addons_columns_wrap columns_padding_bottom columns_in_single_row\" ><div class=\"trx_addons_column-1_3\"><div class=\"sc_icons_item\"><div class=\"sc_icons_icon sc_icon_type_ icon-wall-clock\" style=\"color: #BC9100\" ><span class=\"sc_icon_type_ icon-wall-clock\" style=\"color: #BC9100\"><\/span><\/div><div class=\"sc_icons_item_details\"><h4 class=\"sc_icons_item_title\"><span>Schedule<\/span><\/h4><div class=\"sc_icons_item_description\" style=\"color:#737571;\"><span><b><div style=\"font-weight: 300;\"><p>Du lundi au dimanche : Ouvert 24h<\/p>\n<\/div><\/b><\/span><\/div><\/div><\/div><\/div><div class=\"trx_addons_column-1_3\"><div class=\"sc_icons_item\"><div class=\"sc_icons_icon sc_icon_type_ icon-location-1\" style=\"color: #BC9100\" ><span class=\"sc_icon_type_ icon-location-1\" style=\"color: #BC9100\"><\/span><\/div><div class=\"sc_icons_item_details\"><h4 class=\"sc_icons_item_title\"><span>Address<\/span><\/h4><div class=\"sc_icons_item_description\" style=\"color:#737571;\"><span><b><div style=\"font-weight: 300;\"><p>R. Direita Santa Catarina 14 B,<br \/>\n9500-181 Ponta Delgada<\/p>\n<\/div><\/b><\/span><\/div><\/div><\/div><\/div><div class=\"trx_addons_column-1_3\"><div class=\"sc_icons_item\"><div class=\"sc_icons_icon sc_icon_type_ icon-group-2438\" style=\"color: #BC9100\" ><span class=\"sc_icon_type_ icon-group-2438\" style=\"color: #BC9100\"><\/span><\/div><div class=\"sc_icons_item_details\"><h4 class=\"sc_icons_item_title\"><span>Contacts<\/span><\/h4><div class=\"sc_icons_item_description\" style=\"color:#737571;\"><span><b><div style=\"font-weight: 300;\"><p>T\u00e9l\u00e9phone: +351 296 284 570<br \/>\nEmail: geral@funerariaferreira.pt<\/p>\n<\/div><\/b><\/span><\/div><\/div><\/div><\/div><\/div><\/div><!-- \/.sc_icons -->\t\t<\/div>\n\t\t\t\t<\/div>\n\t\t\t\t\t\t<\/div>\n\t\t\t\t\t<\/div>\n\t\t<\/div>\n\t\t\t\t\t\t\t\t<\/div>\n\t\t\t\t\t<\/div>\n\t\t<\/section>\n\t\t\t\t<div class=\"elementor-element elementor-element-1392c3b5 sc_height_huge sc_fly_static elementor-widget elementor-widget-spacer\" data-id=\"1392c3b5\" data-element_type=\"widget\" data-widget_type=\"spacer.default\">\n\t\t\t\t<div class=\"elementor-widget-container\">\n\t\t\t\t\t<div class=\"elementor-spacer\">\n\t\t\t<div class=\"elementor-spacer-inner\"><\/div>\n\t\t<\/div>\n\t\t\t\t<\/div>\n\t\t\t\t<\/div>\n\t\t\t\t\t\t<\/div>\n\t\t\t\t\t<\/div>\n\t\t<\/div>\n\t\t\t\t\t\t\t\t<\/div>\n\t\t\t\t\t<\/div>\n\t\t<\/section>\n\t\t\t\t<section class=\"elementor-section elementor-top-section elementor-element elementor-element-4d3cfe2 elementor-section-full_width alter_bg elementor-section-height-default elementor-section-height-default sc_fly_static\" data-id=\"4d3cfe2\" data-element_type=\"section\">\n\t\t\t\t\t\t<div class=\"elementor-container elementor-column-gap-no\">\n\t\t\t\t\t\t\t<div class=\"elementor-row\">\n\t\t\t\t\t<div class=\"elementor-column elementor-col-100 elementor-top-column elementor-element elementor-element-67b1878 sc_inner_width_none sc_content_align_inherit sc_layouts_column_icons_position_left sc_fly_static\" data-id=\"67b1878\" data-element_type=\"column\">\n\t\t\t<div class=\"elementor-column-wrap elementor-element-populated\">\n\t\t\t\t\t\t\t<div class=\"elementor-widget-wrap\">\n\t\t\t\t\t\t<div class=\"elementor-element elementor-element-f6775a9 sc_fly_static elementor-widget elementor-widget-html\" data-id=\"f6775a9\" data-element_type=\"widget\" data-widget_type=\"html.default\">\n\t\t\t\t<div class=\"elementor-widget-container\">\n\t\t\t<iframe class=\"contactos_iframe\" src=\"https:\/\/www.google.com\/maps\/embed?pb=!1m18!1m12!1m3!1d1577.5402507902152!2d-25.675341083603!3d37.7412556065349!2m3!1f0!2f0!3f0!3m2!1i1024!2i768!4f13.1!3m3!1m2!1s0xb432ac7d5b1282f%3A0xd17346cb178bbb9b!2sFuner%C3%A1ria%20Ferreira!5e0!3m2!1spt-PT!2spt!4v1643287882622!5m2!1spt-PT!2spt\" width=\"100%\" height=\"800\" style=\"border:0;\" allowfullscreen=\"\" loading=\"lazy\"><\/iframe>\t\t<\/div>\n\t\t\t\t<\/div>\n\t\t\t\t<section class=\"elementor-section elementor-inner-section elementor-element elementor-element-21d5185 form-position-abs elementor-section-boxed elementor-section-height-default elementor-section-height-default sc_fly_static\" data-id=\"21d5185\" data-element_type=\"section\">\n\t\t\t\t\t\t<div class=\"elementor-container elementor-column-gap-no\">\n\t\t\t\t\t\t\t<div class=\"elementor-row\">\n\t\t\t\t\t<div class=\"elementor-column elementor-col-50 elementor-inner-column elementor-element elementor-element-2754d0d sc_inner_width_none sc_content_align_inherit sc_layouts_column_icons_position_left sc_fly_static\" data-id=\"2754d0d\" data-element_type=\"column\">\n\t\t\t<div class=\"elementor-column-wrap\">\n\t\t\t\t\t\t\t<div class=\"elementor-widget-wrap\">\n\t\t\t\t\t\t\t\t<\/div>\n\t\t\t\t\t<\/div>\n\t\t<\/div>\n\t\t\t\t<div class=\"elementor-column elementor-col-50 elementor-inner-column elementor-element elementor-element-c81f979 scheme_default sc_inner_width_none sc_content_align_inherit sc_layouts_column_icons_position_left sc_fly_static\" data-id=\"c81f979\" data-element_type=\"column\" data-settings=\"{&quot;background_background&quot;:&quot;classic&quot;}\">\n\t\t\t<div class=\"elementor-column-wrap elementor-element-populated\">\n\t\t\t\t\t\t\t<div class=\"elementor-widget-wrap\">\n\t\t\t\t\t\t<div class=\"elementor-element elementor-element-50ab477 sc_fly_static elementor-widget elementor-widget-trx_sc_title\" data-id=\"50ab477\" data-element_type=\"widget\" data-widget_type=\"trx_sc_title.default\">\n\t\t\t\t<div class=\"elementor-widget-container\">\n\t\t\t<div\t\tclass=\"sc_title sc_title_default\" ><span class=\"sc_item_subtitle sc_title_subtitle sc_item_subtitle_above sc_item_title_style_default\"><div>Contactez-nous<\/div><\/span><h2 class=\"sc_item_title sc_title_title sc_item_title_style_default\"\n\t\t\t><span class=\"sc_item_title_text\"><div><p>Vous avez des questions?<br \/>\nAlors contactez-nous!<\/p>\n<\/div><\/span><\/h2><\/div>\t\t<\/div>\n\t\t\t\t<\/div>\n\t\t\t\t<div class=\"elementor-element elementor-element-d363f49 sc_fly_static elementor-widget elementor-widget-spacer\" data-id=\"d363f49\" data-element_type=\"widget\" data-widget_type=\"spacer.default\">\n\t\t\t\t<div class=\"elementor-widget-container\">\n\t\t\t\t\t<div class=\"elementor-spacer\">\n\t\t\t<div class=\"elementor-spacer-inner\"><\/div>\n\t\t<\/div>\n\t\t\t\t<\/div>\n\t\t\t\t<\/div>\n\t\t\t\t<div class=\"elementor-element elementor-element-012b5d0 sc_fly_static elementor-widget elementor-widget-trx_sc_contact_form_7\" data-id=\"012b5d0\" data-element_type=\"widget\" data-widget_type=\"trx_sc_contact_form_7.default\">\n\t\t\t\t<div class=\"elementor-widget-container\">\n\t\t\t<div role=\"form\" class=\"wpcf7\" id=\"wpcf7-f23125-o1\" lang=\"fr-FR\" dir=\"ltr\">\n<div class=\"screen-reader-response\"><p role=\"status\" aria-live=\"polite\" aria-atomic=\"true\"><\/p> <ul><\/ul><\/div>\n<form action=\"\/fr\/wp-json\/wp\/v2\/pages\/21985#wpcf7-f23125-o1\" method=\"post\" class=\"wpcf7-form init\" novalidate=\"novalidate\" data-status=\"init\">\n<div style=\"display: none;\">\n<input type=\"hidden\" name=\"_wpcf7\" value=\"23125\" \/>\n<input type=\"hidden\" name=\"_wpcf7_version\" value=\"5.5.4\" \/>\n<input type=\"hidden\" name=\"_wpcf7_locale\" value=\"fr_FR\" \/>\n<input type=\"hidden\" name=\"_wpcf7_unit_tag\" value=\"wpcf7-f23125-o1\" \/>\n<input type=\"hidden\" name=\"_wpcf7_container_post\" value=\"0\" \/>\n<input type=\"hidden\" name=\"_wpcf7_posted_data_hash\" value=\"\" \/>\n<input type=\"hidden\" name=\"_wpcf7_recaptcha_response\" value=\"\" \/>\n<\/div>\n<div class=\"form-style-6\">\n\n<div class=\"columns_wrap\">\n<div class=\"column-1_2\"><span class=\"style-line\"><span class=\"wpcf7-form-control-wrap nome\"><input type=\"text\" name=\"nome\" value=\"\" size=\"40\" class=\"wpcf7-form-control wpcf7-text wpcf7-validates-as-required\" aria-required=\"true\" aria-invalid=\"false\" placeholder=\"Nom\" \/><\/span><\/span><\/div>\n<div class=\"column-1_2\"><span class=\"style-line\"><span class=\"wpcf7-form-control-wrap email\"><input type=\"email\" name=\"email\" value=\"\" size=\"40\" class=\"wpcf7-form-control wpcf7-text wpcf7-email wpcf7-validates-as-required wpcf7-validates-as-email\" aria-required=\"true\" aria-invalid=\"false\" placeholder=\"Email\" \/><\/span><\/span><\/div>\n<\/div>\n\n<div class=\"columns_wrap margin-bottom\">\n<div class=\"column-1_1\"><span class=\"style-line\"><span class=\"wpcf7-form-control-wrap mensagem\"><textarea name=\"mensagem\" cols=\"40\" rows=\"3\" class=\"wpcf7-form-control wpcf7-textarea\" aria-invalid=\"false\" placeholder=\"Message\"><\/textarea><\/span><\/span><\/div>\n<\/div>\n<div style=\"display:flex\"><span class=\"wpcf7-form-control-wrap your-consent\"><span class=\"wpcf7-form-control wpcf7-acceptance\"><span class=\"wpcf7-list-item\"><label><input type=\"checkbox\" name=\"your-consent\" value=\"1\" aria-invalid=\"false\" \/><span class=\"wpcf7-list-item-label\">&nbsp;<\/span><\/label><\/span><\/span><\/span>\n        <p>J'ai lu et j'accepte les <a href=\"https:\/\/loja.funerariaferreira.pt\/termos-condicoes\/\" target=\"_blank\">  Termes et Conditions <\/a> et la <a href=\"https:\/\/loja.funerariaferreira.pt\/politica-privacidade\/\" target=\"_blank\"> Politique de Confidentialit\u00e9.<\/a>.<\/p>\n<\/div>\n\n<input type=\"submit\" value=\"Soumettre\" class=\"wpcf7-form-control has-spinner wpcf7-submit\" \/>\n<\/div><div class=\"wpcf7-response-output\" aria-hidden=\"true\"><\/div><\/form><\/div>\t\t<\/div>\n\t\t\t\t<\/div>\n\t\t\t\t\t\t<\/div>\n\t\t\t\t\t<\/div>\n\t\t<\/div>\n\t\t\t\t\t\t\t\t<\/div>\n\t\t\t\t\t<\/div>\n\t\t<\/section>\n\t\t\t\t\t\t<\/div>\n\t\t\t\t\t<\/div>\n\t\t<\/div>\n\t\t\t\t\t\t\t\t<\/div>\n\t\t\t\t\t<\/div>\n\t\t<\/section>\n\t\t\t\t<section class=\"elementor-section elementor-top-section elementor-element elementor-element-28b69ef elementor-section-full_width elementor-section-height-default elementor-section-height-default sc_fly_static\" data-id=\"28b69ef\" data-element_type=\"section\">\n\t\t\t\t\t\t<div class=\"elementor-container elementor-column-gap-extended\">\n\t\t\t\t\t\t\t<div class=\"elementor-row\">\n\t\t\t\t\t<div class=\"elementor-column elementor-col-100 elementor-top-column elementor-element elementor-element-2f348fa sc_inner_width_none sc_content_align_inherit sc_layouts_column_icons_position_left sc_fly_static\" data-id=\"2f348fa\" data-element_type=\"column\">\n\t\t\t<div class=\"elementor-column-wrap elementor-element-populated\">\n\t\t\t\t\t\t\t<div class=\"elementor-widget-wrap\">\n\t\t\t\t\t\t<div class=\"elementor-element elementor-element-563fd63 sc_fly_static elementor-widget elementor-widget-shortcode\" data-id=\"563fd63\" data-element_type=\"widget\" data-widget_type=\"shortcode.default\">\n\t\t\t\t<div class=\"elementor-widget-container\">\n\t\t\t   <div class=\"newslettercontactFormMain\" style=\"background-image:url(https:\/\/loja.funerariaferreira.pt\/wp-content\/uploads\/2022\/09\/DSC08408-scaled.jpg);background-size:cover;background-repeat: no-repeat;\">\n      <div class=\"overlayBlack\"><\/div>\n   \n      <div class=\"elementor-row\">\n         <div class=\"elementor-column elementor-col-50 elementor-top-column elementor-element sc_inner_width_none sc_content_align_inherit sc_layouts_column_icons_position_left sc_fly_static\" data-element_type=\"column\">\n            <h2 class=\"sc_item_title sc_title_title sc_item_title_style_default\">\n               Abonnez-vous \u00e0 notre newsletter            <\/h2>\n         <\/div>\n         <div class=\"elementor-column elementor-col-50 elementor-top-column elementor-element sc_inner_width_none sc_content_align_inherit sc_layouts_column_icons_position_left sc_fly_static\" data-element_type=\"column\">\n         \n            <div class=\"newsletter-custom-wpcf7\">\n                                             <form action=\"https:\/\/funerariaferreira.ipzmarketing.com\/f\/-p8P891yCHY?locale=fr\" method=\"post\" class=\"newsletter-custom-wpcf7-form\">\n                  <div class=\"footer_contact_newsletter\">\n                     <div class=\"custom_input\">\n                        <span class=\"icon-mail\"><\/span>\n                        <label>  \n                           <span class=\"wpcf7-form-control-wrap email\">\n                              <input type=\"email\" name=\"subscriber[email]\" value=\"\" size=\"40\" class=\"wpcf7-form-control wpcf7-text wpcf7-email wpcf7-validates-as-required wpcf7-validates-as-email fill_inited\" required=\"\" aria-required=\"true\" aria-invalid=\"false\" placeholder=\"Email\">\n                           <\/span> \n                        <\/label>\n                     <\/div>\n                     <p>\n                        <span class=\"wpcf7-submit-style\" style=\"height:52px\">\n                           <input type=\"submit\" name=\"commit\" value=\"&nbsp;\" class=\"custom_submit_news wpcf7-form-control newsletter-custom-wpcf7-submit\">\n                           <span class=\"submit-style-in\"><\/span>\n                        <\/span>\n                        <span class=\"wpcf7-spinner\"><\/span>\n                     <\/p>\n\n                  <\/div>\n                  <div style=\"display:flex\">\n                     <span class=\"wpcf7-form-control-wrap your-consent\">\n                        <span class=\"wpcf7-form-control wpcf7-acceptance\">\n                           <span class=\"wpcf7-list-item\">\n                              <label>\n                                 <input type=\"checkbox\" required=\"\" name=\"subscriber[subscribed_with_acceptance]\" value=\"1\" aria-invalid=\"false\">\n                                 <span class=\"wpcf7-list-item-label\">&nbsp;<\/span>\n                              <\/label>\n                           <\/span>\n                        <\/span>\n                     <\/span>\n\n                     <p>J'ai lu et j'accepte les <a href=\"https:\/\/loja.funerariaferreira.pt\/termos-condicoes\/\" target=\"_blank\"> Termes et Conditions <\/a> et la <a href=\"https:\/\/loja.funerariaferreira.pt\/politica-privacidade\/\" target=\"_blank\"> Politique de Confidentialit\u00e9<\/a>.<\/p>\n                  <\/div>\n                  <div class=\"wpcf7-response-output\" aria-hidden=\"true\">\n                  <\/div>\n               <\/form>\n            <\/div>\n\n         <\/div>\n\n      <\/div>\n\n   <\/div>\n\n   \t\t<div class=\"elementor-shortcode\"><\/div>\n\t\t\t\t<\/div>\n\t\t\t\t<\/div>\n\t\t\t\t\t\t<\/div>\n\t\t\t\t\t<\/div>\n\t\t<\/div>\n\t\t\t\t\t\t\t\t<\/div>\n\t\t\t\t\t<\/div>\n\t\t<\/section>\n\t\t\t\t\t\t<\/div>\n\t\t\t\t\t\t<\/div>\n\t\t\t\t\t<\/div>\n\t\t","protected":false},"excerpt":{"rendered":"<p>Schedule Address Contacts &nbsp; Li e aceito os Termos e Condi\u00e7\u00f5es e a Pol\u00edtica de Privacidade.<\/p>\n","protected":false},"author":1,"featured_media":0,"parent":0,"menu_order":0,"comment_status":"closed","ping_status":"closed","template":"","meta":[],"yoast_head":"<!-- This site is optimized with the Yoast SEO plugin v18.0 - https:\/\/yoast.com\/wordpress\/plugins\/seo\/ -->\n<title>Contacts - Funer\u00e1ria Ferreira<\/title>\n<meta name=\"robots\" content=\"index, follow, max-snippet:-1, max-image-preview:large, max-video-preview:-1\" \/>\n<link rel=\"canonical\" href=\"https:\/\/loja.funerariaferreira.pt\/fr\/contacts\/\" \/>\n<meta property=\"og:locale\" content=\"fr_FR\" \/>\n<meta property=\"og:type\" content=\"article\" \/>\n<meta property=\"og:title\" content=\"Contacts - Funer\u00e1ria Ferreira\" \/>\n<meta property=\"og:description\" content=\"Schedule Address Contacts &nbsp; Li e aceito os Termos e Condi\u00e7\u00f5es e a Pol\u00edtica de Privacidade.\" \/>\n<meta property=\"og:url\" content=\"https:\/\/loja.funerariaferreira.pt\/fr\/contacts\/\" \/>\n<meta property=\"og:site_name\" content=\"Funer\u00e1ria Ferreira\" \/>\n<meta property=\"article:modified_time\" content=\"2022-12-20T12:19:04+00:00\" \/>\n<meta name=\"twitter:card\" content=\"summary_large_image\" \/>\n<meta name=\"twitter:label1\" content=\"Dur\u00e9e de lecture estim\u00e9e\" \/>\n\t<meta name=\"twitter:data1\" content=\"1 minute\" \/>\n<script type=\"application\/ld+json\" class=\"yoast-schema-graph\">{\"@context\":\"https:\/\/schema.org\",\"@graph\":[{\"@type\":\"WebSite\",\"@id\":\"https:\/\/loja.funerariaferreira.pt\/#website\",\"url\":\"https:\/\/loja.funerariaferreira.pt\/\",\"name\":\"Funer\u00e1ria Ferreira\",\"description\":\"\",\"potentialAction\":[{\"@type\":\"SearchAction\",\"target\":{\"@type\":\"EntryPoint\",\"urlTemplate\":\"https:\/\/loja.funerariaferreira.pt\/?s={search_term_string}\"},\"query-input\":\"required name=search_term_string\"}],\"inLanguage\":\"fr-FR\"},{\"@type\":\"WebPage\",\"@id\":\"https:\/\/loja.funerariaferreira.pt\/fr\/contacts\/#webpage\",\"url\":\"https:\/\/loja.funerariaferreira.pt\/fr\/contacts\/\",\"name\":\"Contacts - Funer\u00e1ria Ferreira\",\"isPartOf\":{\"@id\":\"https:\/\/loja.funerariaferreira.pt\/#website\"},\"datePublished\":\"2020-04-30T10:53:51+00:00\",\"dateModified\":\"2022-12-20T12:19:04+00:00\",\"breadcrumb\":{\"@id\":\"https:\/\/loja.funerariaferreira.pt\/fr\/contacts\/#breadcrumb\"},\"inLanguage\":\"fr-FR\",\"potentialAction\":[{\"@type\":\"ReadAction\",\"target\":[\"https:\/\/loja.funerariaferreira.pt\/fr\/contacts\/\"]}]},{\"@type\":\"BreadcrumbList\",\"@id\":\"https:\/\/loja.funerariaferreira.pt\/fr\/contacts\/#breadcrumb\",\"itemListElement\":[{\"@type\":\"ListItem\",\"position\":1,\"name\":\"In\u00edcio\",\"item\":\"https:\/\/loja.funerariaferreira.pt\/fr\/\"},{\"@type\":\"ListItem\",\"position\":2,\"name\":\"Contacts\"}]}]}<\/script>\n<!-- \/ Yoast SEO plugin. -->","yoast_head_json":{"title":"Contacts - Funer\u00e1ria Ferreira","robots":{"index":"index","follow":"follow","max-snippet":"max-snippet:-1","max-image-preview":"max-image-preview:large","max-video-preview":"max-video-preview:-1"},"canonical":"https:\/\/loja.funerariaferreira.pt\/fr\/contacts\/","og_locale":"fr_FR","og_type":"article","og_title":"Contacts - Funer\u00e1ria Ferreira","og_description":"Schedule Address Contacts &nbsp; Li e aceito os Termos e Condi\u00e7\u00f5es e a Pol\u00edtica de Privacidade.","og_url":"https:\/\/loja.funerariaferreira.pt\/fr\/contacts\/","og_site_name":"Funer\u00e1ria Ferreira","article_modified_time":"2022-12-20T12:19:04+00:00","twitter_card":"summary_large_image","twitter_misc":{"Dur\u00e9e de lecture estim\u00e9e":"1 minute"},"schema":{"@context":"https:\/\/schema.org","@graph":[{"@type":"WebSite","@id":"https:\/\/loja.funerariaferreira.pt\/#website","url":"https:\/\/loja.funerariaferreira.pt\/","name":"Funer\u00e1ria Ferreira","description":"","potentialAction":[{"@type":"SearchAction","target":{"@type":"EntryPoint","urlTemplate":"https:\/\/loja.funerariaferreira.pt\/?s={search_term_string}"},"query-input":"required name=search_term_string"}],"inLanguage":"fr-FR"},{"@type":"WebPage","@id":"https:\/\/loja.funerariaferreira.pt\/fr\/contacts\/#webpage","url":"https:\/\/loja.funerariaferreira.pt\/fr\/contacts\/","name":"Contacts - Funer\u00e1ria Ferreira","isPartOf":{"@id":"https:\/\/loja.funerariaferreira.pt\/#website"},"datePublished":"2020-04-30T10:53:51+00:00","dateModified":"2022-12-20T12:19:04+00:00","breadcrumb":{"@id":"https:\/\/loja.funerariaferreira.pt\/fr\/contacts\/#breadcrumb"},"inLanguage":"fr-FR","potentialAction":[{"@type":"ReadAction","target":["https:\/\/loja.funerariaferreira.pt\/fr\/contacts\/"]}]},{"@type":"BreadcrumbList","@id":"https:\/\/loja.funerariaferreira.pt\/fr\/contacts\/#breadcrumb","itemListElement":[{"@type":"ListItem","position":1,"name":"In\u00edcio","item":"https:\/\/loja.funerariaferreira.pt\/fr\/"},{"@type":"ListItem","position":2,"name":"Contacts"}]}]}},"_links":{"self":[{"href":"https:\/\/loja.funerariaferreira.pt\/fr\/wp-json\/wp\/v2\/pages\/21985"}],"collection":[{"href":"https:\/\/loja.funerariaferreira.pt\/fr\/wp-json\/wp\/v2\/pages"}],"about":[{"href":"https:\/\/loja.funerariaferreira.pt\/fr\/wp-json\/wp\/v2\/types\/page"}],"author":[{"embeddable":true,"href":"https:\/\/loja.funerariaferreira.pt\/fr\/wp-json\/wp\/v2\/users\/1"}],"replies":[{"embeddable":true,"href":"https:\/\/loja.funerariaferreira.pt\/fr\/wp-json\/wp\/v2\/comments?post=21985"}],"version-history":[{"count":9,"href":"https:\/\/loja.funerariaferreira.pt\/fr\/wp-json\/wp\/v2\/pages\/21985\/revisions"}],"predecessor-version":[{"id":23830,"href":"https:\/\/loja.funerariaferreira.pt\/fr\/wp-json\/wp\/v2\/pages\/21985\/revisions\/23830"}],"wp:attachment":[{"href":"https:\/\/loja.funerariaferreira.pt\/fr\/wp-json\/wp\/v2\/media?parent=21985"}],"curies":[{"name":"wp","href":"https:\/\/api.w.org\/{rel}","templated":true}]}}