{"id":1387138,"date":"2024-07-16T16:58:24","date_gmt":"2024-07-16T16:58:24","guid":{"rendered":"https:\/\/loja.funerariaferreira.pt\/?post_type=product&#038;p=1387138"},"modified":"2024-07-16T16:58:24","modified_gmt":"2024-07-16T16:58:24","slug":"cilindro-com-cruz","status":"publish","type":"product","link":"https:\/\/loja.funerariaferreira.pt\/es\/produto\/cilindro-com-cruz\/","title":{"rendered":"Cilindro Com Cruz"},"content":{"rendered":"","protected":false},"excerpt":{"rendered":"<p>Material: A\u00e7o Inoxid\u00e1vel Antial\u00e9rgico<\/p>\n","protected":false},"featured_media":1387139,"template":"","meta":[],"product_cat":[363],"product_tag":[],"yoast_head":"<!-- This site is optimized with the Yoast SEO plugin v18.0 - https:\/\/yoast.com\/wordpress\/plugins\/seo\/ -->\n<title>Cilindro Com Cruz - Funer\u00e1ria Ferreira<\/title>\n<meta name=\"robots\" content=\"index, follow, max-snippet:-1, max-image-preview:large, max-video-preview:-1\" \/>\n<link rel=\"canonical\" href=\"https:\/\/loja.funerariaferreira.pt\/produto\/cilindro-com-cruz\/\" \/>\n<meta property=\"og:locale\" content=\"es_ES\" \/>\n<meta property=\"og:type\" content=\"article\" \/>\n<meta property=\"og:title\" content=\"Cilindro Com Cruz - Funer\u00e1ria Ferreira\" \/>\n<meta property=\"og:description\" content=\"Material: A\u00e7o Inoxid\u00e1vel Antial\u00e9rgico\" \/>\n<meta property=\"og:url\" content=\"https:\/\/loja.funerariaferreira.pt\/produto\/cilindro-com-cruz\/\" \/>\n<meta property=\"og:site_name\" content=\"Funer\u00e1ria Ferreira\" \/>\n<meta name=\"twitter:card\" content=\"summary_large_image\" \/>\n<meta name=\"twitter:image\" content=\"https:\/\/loja.funerariaferreira.pt\/wp-content\/uploads\/2024\/07\/COLGANTE-ACERO-CILINDRO-CRUZ-i3315.webp\" \/>\n<script type=\"application\/ld+json\" class=\"yoast-schema-graph\">{\"@context\":\"https:\/\/schema.org\",\"@graph\":[{\"@type\":\"WebSite\",\"@id\":\"https:\/\/loja.funerariaferreira.pt\/#website\",\"url\":\"https:\/\/loja.funerariaferreira.pt\/\",\"name\":\"Funer\u00e1ria Ferreira\",\"description\":\"\",\"potentialAction\":[{\"@type\":\"SearchAction\",\"target\":{\"@type\":\"EntryPoint\",\"urlTemplate\":\"https:\/\/loja.funerariaferreira.pt\/?s={search_term_string}\"},\"query-input\":\"required name=search_term_string\"}],\"inLanguage\":\"es\"},{\"@type\":\"ImageObject\",\"@id\":\"https:\/\/loja.funerariaferreira.pt\/produto\/cilindro-com-cruz\/#primaryimage\",\"inLanguage\":\"es\",\"url\":\"https:\/\/loja.funerariaferreira.pt\/wp-content\/uploads\/2024\/07\/COLGANTE-ACERO-CILINDRO-CRUZ-i3315.webp\",\"contentUrl\":\"https:\/\/loja.funerariaferreira.pt\/wp-content\/uploads\/2024\/07\/COLGANTE-ACERO-CILINDRO-CRUZ-i3315.webp\",\"width\":800,\"height\":800},{\"@type\":\"WebPage\",\"@id\":\"https:\/\/loja.funerariaferreira.pt\/produto\/cilindro-com-cruz\/#webpage\",\"url\":\"https:\/\/loja.funerariaferreira.pt\/produto\/cilindro-com-cruz\/\",\"name\":\"Cilindro Com Cruz - Funer\u00e1ria Ferreira\",\"isPartOf\":{\"@id\":\"https:\/\/loja.funerariaferreira.pt\/#website\"},\"primaryImageOfPage\":{\"@id\":\"https:\/\/loja.funerariaferreira.pt\/produto\/cilindro-com-cruz\/#primaryimage\"},\"datePublished\":\"2024-07-16T16:58:24+00:00\",\"dateModified\":\"2024-07-16T16:58:24+00:00\",\"breadcrumb\":{\"@id\":\"https:\/\/loja.funerariaferreira.pt\/produto\/cilindro-com-cruz\/#breadcrumb\"},\"inLanguage\":\"es\",\"potentialAction\":[{\"@type\":\"ReadAction\",\"target\":[\"https:\/\/loja.funerariaferreira.pt\/produto\/cilindro-com-cruz\/\"]}]},{\"@type\":\"BreadcrumbList\",\"@id\":\"https:\/\/loja.funerariaferreira.pt\/produto\/cilindro-com-cruz\/#breadcrumb\",\"itemListElement\":[{\"@type\":\"ListItem\",\"position\":1,\"name\":\"In\u00edcio\",\"item\":\"https:\/\/loja.funerariaferreira.pt\/es\/\"},{\"@type\":\"ListItem\",\"position\":2,\"name\":\"Tienda\",\"item\":\"https:\/\/loja.funerariaferreira.pt\/es\/tienda\/\"},{\"@type\":\"ListItem\",\"position\":3,\"name\":\"Cilindro Com Cruz\"}]}]}<\/script>\n<!-- \/ Yoast SEO plugin. -->","yoast_head_json":{"title":"Cilindro Com Cruz - Funer\u00e1ria Ferreira","robots":{"index":"index","follow":"follow","max-snippet":"max-snippet:-1","max-image-preview":"max-image-preview:large","max-video-preview":"max-video-preview:-1"},"canonical":"https:\/\/loja.funerariaferreira.pt\/produto\/cilindro-com-cruz\/","og_locale":"es_ES","og_type":"article","og_title":"Cilindro Com Cruz - Funer\u00e1ria Ferreira","og_description":"Material: A\u00e7o Inoxid\u00e1vel Antial\u00e9rgico","og_url":"https:\/\/loja.funerariaferreira.pt\/produto\/cilindro-com-cruz\/","og_site_name":"Funer\u00e1ria Ferreira","twitter_card":"summary_large_image","twitter_image":"https:\/\/loja.funerariaferreira.pt\/wp-content\/uploads\/2024\/07\/COLGANTE-ACERO-CILINDRO-CRUZ-i3315.webp","schema":{"@context":"https:\/\/schema.org","@graph":[{"@type":"WebSite","@id":"https:\/\/loja.funerariaferreira.pt\/#website","url":"https:\/\/loja.funerariaferreira.pt\/","name":"Funer\u00e1ria Ferreira","description":"","potentialAction":[{"@type":"SearchAction","target":{"@type":"EntryPoint","urlTemplate":"https:\/\/loja.funerariaferreira.pt\/?s={search_term_string}"},"query-input":"required name=search_term_string"}],"inLanguage":"es"},{"@type":"ImageObject","@id":"https:\/\/loja.funerariaferreira.pt\/produto\/cilindro-com-cruz\/#primaryimage","inLanguage":"es","url":"https:\/\/loja.funerariaferreira.pt\/wp-content\/uploads\/2024\/07\/COLGANTE-ACERO-CILINDRO-CRUZ-i3315.webp","contentUrl":"https:\/\/loja.funerariaferreira.pt\/wp-content\/uploads\/2024\/07\/COLGANTE-ACERO-CILINDRO-CRUZ-i3315.webp","width":800,"height":800},{"@type":"WebPage","@id":"https:\/\/loja.funerariaferreira.pt\/produto\/cilindro-com-cruz\/#webpage","url":"https:\/\/loja.funerariaferreira.pt\/produto\/cilindro-com-cruz\/","name":"Cilindro Com Cruz - Funer\u00e1ria Ferreira","isPartOf":{"@id":"https:\/\/loja.funerariaferreira.pt\/#website"},"primaryImageOfPage":{"@id":"https:\/\/loja.funerariaferreira.pt\/produto\/cilindro-com-cruz\/#primaryimage"},"datePublished":"2024-07-16T16:58:24+00:00","dateModified":"2024-07-16T16:58:24+00:00","breadcrumb":{"@id":"https:\/\/loja.funerariaferreira.pt\/produto\/cilindro-com-cruz\/#breadcrumb"},"inLanguage":"es","potentialAction":[{"@type":"ReadAction","target":["https:\/\/loja.funerariaferreira.pt\/produto\/cilindro-com-cruz\/"]}]},{"@type":"BreadcrumbList","@id":"https:\/\/loja.funerariaferreira.pt\/produto\/cilindro-com-cruz\/#breadcrumb","itemListElement":[{"@type":"ListItem","position":1,"name":"In\u00edcio","item":"https:\/\/loja.funerariaferreira.pt\/es\/"},{"@type":"ListItem","position":2,"name":"Tienda","item":"https:\/\/loja.funerariaferreira.pt\/es\/tienda\/"},{"@type":"ListItem","position":3,"name":"Cilindro Com Cruz"}]}]}},"_links":{"self":[{"href":"https:\/\/loja.funerariaferreira.pt\/es\/wp-json\/wp\/v2\/product\/1387138"}],"collection":[{"href":"https:\/\/loja.funerariaferreira.pt\/es\/wp-json\/wp\/v2\/product"}],"about":[{"href":"https:\/\/loja.funerariaferreira.pt\/es\/wp-json\/wp\/v2\/types\/product"}],"wp:featuredmedia":[{"embeddable":true,"href":"https:\/\/loja.funerariaferreira.pt\/es\/wp-json\/wp\/v2\/media\/1387139"}],"wp:attachment":[{"href":"https:\/\/loja.funerariaferreira.pt\/es\/wp-json\/wp\/v2\/media?parent=1387138"}],"wp:term":[{"taxonomy":"product_cat","embeddable":true,"href":"https:\/\/loja.funerariaferreira.pt\/es\/wp-json\/wp\/v2\/product_cat?post=1387138"},{"taxonomy":"product_tag","embeddable":true,"href":"https:\/\/loja.funerariaferreira.pt\/es\/wp-json\/wp\/v2\/product_tag?post=1387138"}],"curies":[{"name":"wp","href":"https:\/\/api.w.org\/{rel}","templated":true}]}}